{"id":12,"date":"2018-08-25T13:06:49","date_gmt":"2018-08-25T11:06:49","guid":{"rendered":"http:\/\/walterstahlbau.de\/wp\/?page_id=12"},"modified":"2025-11-06T19:33:39","modified_gmt":"2025-11-06T18:33:39","slug":"leistungen","status":"publish","type":"page","link":"https:\/\/walterstahlbau.de\/?page_id=12","title":{"rendered":"Leistungen"},"content":{"rendered":"<div id=\"art-main\">\n<div class=\"art-sheet clearfix\">\n<div class=\"art-layout-wrapper\">\n<div class=\"art-content-layout\">\n<div class=\"art-content-layout-row\">\n<div class=\"art-layout-cell art-content\">\n<article class=\"art-post art-article\">\n<div class=\"art-postcontent art-postcontent-0 clearfix\">\n<p><img data-recalc-dims=\"1\" loading=\"lazy\" decoding=\"async\" class=\"alignnone size-full wp-image-434\" src=\"https:\/\/i0.wp.com\/walterstahlbau.de\/wp-content\/uploads\/2020\/02\/Plasmaschneidanlage-Seitenheader-Leistung2.jpg?resize=800%2C267\" alt=\"\" width=\"800\" height=\"267\" srcset=\"https:\/\/i0.wp.com\/walterstahlbau.de\/wp-content\/uploads\/2020\/02\/Plasmaschneidanlage-Seitenheader-Leistung2.jpg?w=900&amp;ssl=1 900w, https:\/\/i0.wp.com\/walterstahlbau.de\/wp-content\/uploads\/2020\/02\/Plasmaschneidanlage-Seitenheader-Leistung2.jpg?resize=300%2C100&amp;ssl=1 300w, https:\/\/i0.wp.com\/walterstahlbau.de\/wp-content\/uploads\/2020\/02\/Plasmaschneidanlage-Seitenheader-Leistung2.jpg?resize=768%2C256&amp;ssl=1 768w\" sizes=\"auto, (max-width: 800px) 100vw, 800px\" \/><\/p>\n<p>Unser Leistungsspektrum umfasst unter anderem<\/p>\n<p>\u2022 Stahl- und Metallbau<br \/>\n\u2022 Schwei\u00dfarbeiten<br \/>\n\u2022 Planung, Materialbeschaffung und Ausf\u00fchrung<\/p>\n<p>\u2022 <strong>Neu ab 2020:<\/strong> Plasmazuschnitte in Stahl, VA und Aluminium<\/p>\n<p>Von der ausf\u00fchrlichen Beratung und einer fairer Angebotserstellung \u00fcber die Konzeption und Ausfertigung &#8211; bei uns erhalten Sie als Privat- sowie als Gesch\u00e4ftskunde seit \u00fcber 50 Jahren Qualit\u00e4tsleistungen.<\/p>\n<p>Und was d\u00fcrfen wir f\u00fcr Sie tun?<\/p>\n<p>Planen Sie bereits ein Projekt, kontaktieren Sie uns. Gerne nehmen wir uns die Zeit, Ihr Vorhaben zu besprechen.<\/p>\n<\/div>\n<\/article>\n<\/div>\n<\/div>\n<\/div>\n<\/div>\n<\/div>\n<\/div>\n","protected":false},"excerpt":{"rendered":"<p>Unser Leistungsspektrum umfasst unter anderem \u2022 Stahl- und Metallbau \u2022 Schwei\u00dfarbeiten \u2022 Planung, Materialbeschaffung und Ausf\u00fchrung \u2022 Neu ab 2020: Plasmazuschnitte in Stahl, VA und Aluminium Von der ausf\u00fchrlichen Beratung &#8230;<\/p>\n","protected":false},"author":1,"featured_media":0,"parent":0,"menu_order":0,"comment_status":"closed","ping_status":"closed","template":"","meta":{"ngg_post_thumbnail":0,"footnotes":""},"class_list":["post-12","page","type-page","status-publish","hentry"],"jetpack_sharing_enabled":true,"_links":{"self":[{"href":"https:\/\/walterstahlbau.de\/index.php?rest_route=\/wp\/v2\/pages\/12","targetHints":{"allow":["GET"]}}],"collection":[{"href":"https:\/\/walterstahlbau.de\/index.php?rest_route=\/wp\/v2\/pages"}],"about":[{"href":"https:\/\/walterstahlbau.de\/index.php?rest_route=\/wp\/v2\/types\/page"}],"author":[{"embeddable":true,"href":"https:\/\/walterstahlbau.de\/index.php?rest_route=\/wp\/v2\/users\/1"}],"replies":[{"embeddable":true,"href":"https:\/\/walterstahlbau.de\/index.php?rest_route=%2Fwp%2Fv2%2Fcomments&post=12"}],"version-history":[{"count":0,"href":"https:\/\/walterstahlbau.de\/index.php?rest_route=\/wp\/v2\/pages\/12\/revisions"}],"wp:attachment":[{"href":"https:\/\/walterstahlbau.de\/index.php?rest_route=%2Fwp%2Fv2%2Fmedia&parent=12"}],"curies":[{"name":"wp","href":"https:\/\/api.w.org\/{rel}","templated":true}]}}